{"id":28,"date":"2025-01-31T07:59:31","date_gmt":"2025-01-31T13:59:31","guid":{"rendered":"https:\/\/cl.artereciclada.com.br\/?page_id=28"},"modified":"2025-03-20T13:25:31","modified_gmt":"2025-03-20T18:25:31","slug":"contactenos","status":"publish","type":"page","link":"https:\/\/cl.artereciclada.com.br\/en_gb\/contactenos\/","title":{"rendered":"Cont\u00e1ctenos"},"content":{"rendered":"<div class=\"contact-page\">\n    <h1>\u00a1Hola! \ud83d\ude0a<\/h1>\n    <p>\u00bfNecesitas ponerte en contacto con nosotros? Estamos aqu\u00ed para ayudarte en todo lo relacionado con moda y belleza.<\/p>\n    \n    <h2>Cont\u00e1ctanos a trav\u00e9s de nuestros canales:<\/h2>\n    <ul>\n        <li><strong>Email:<\/strong> <a href=\"mailto:contato@artereciclada.com.br\">contato@artereciclada.com.br<\/a><\/li>\n        <li><strong>Horario de Atenci\u00f3n:<\/strong> Lunes a Viernes, de 8 AM a 5 PM.<\/li>\n    <\/ul>\n    \n    <p>Env\u00edanos tu mensaje y responderemos lo antes posible. \u00a1Juntos podemos marcar la diferencia en el mundo de la moda y la belleza!<\/p>\n<\/div>\n\n\n\n\n<p><\/p>","protected":false},"excerpt":{"rendered":"<p>\u00a1Hola! \ud83d\ude0a \u00bfNecesitas ponerte en contacto con nosotros? Estamos aqu\u00ed para ayudarte en todo lo relacionado con moda y belleza. Cont\u00e1ctanos a trav\u00e9s de nuestros canales: Email: contato@artereciclada.com.br Horario de Atenci\u00f3n: Lunes a Viernes, de 8 AM a 5 PM. Env\u00edanos tu mensaje y responderemos lo antes posible. \u00a1Juntos podemos marcar la diferencia en el [&hellip;]<\/p>","protected":false},"author":4,"featured_media":17,"parent":0,"menu_order":0,"comment_status":"closed","ping_status":"closed","template":"","meta":{"footnotes":""},"class_list":["post-28","page","type-page","status-publish","has-post-thumbnail","hentry"],"blocksy_meta":[],"_links":{"self":[{"href":"https:\/\/cl.artereciclada.com.br\/en_gb\/wp-json\/wp\/v2\/pages\/28","targetHints":{"allow":["GET"]}}],"collection":[{"href":"https:\/\/cl.artereciclada.com.br\/en_gb\/wp-json\/wp\/v2\/pages"}],"about":[{"href":"https:\/\/cl.artereciclada.com.br\/en_gb\/wp-json\/wp\/v2\/types\/page"}],"author":[{"embeddable":true,"href":"https:\/\/cl.artereciclada.com.br\/en_gb\/wp-json\/wp\/v2\/users\/4"}],"replies":[{"embeddable":true,"href":"https:\/\/cl.artereciclada.com.br\/en_gb\/wp-json\/wp\/v2\/comments?post=28"}],"version-history":[{"count":3,"href":"https:\/\/cl.artereciclada.com.br\/en_gb\/wp-json\/wp\/v2\/pages\/28\/revisions"}],"predecessor-version":[{"id":176,"href":"https:\/\/cl.artereciclada.com.br\/en_gb\/wp-json\/wp\/v2\/pages\/28\/revisions\/176"}],"wp:featuredmedia":[{"embeddable":true,"href":"https:\/\/cl.artereciclada.com.br\/en_gb\/wp-json\/wp\/v2\/media\/17"}],"wp:attachment":[{"href":"https:\/\/cl.artereciclada.com.br\/en_gb\/wp-json\/wp\/v2\/media?parent=28"}],"curies":[{"name":"wp","href":"https:\/\/api.w.org\/{rel}","templated":true}]}}